{"id":3,"date":"2023-11-08T13:06:21","date_gmt":"2023-11-08T13:06:21","guid":{"rendered":"https:\/\/cibiware.com\/?page_id=3"},"modified":"2025-06-13T13:16:13","modified_gmt":"2025-06-13T11:16:13","slug":"privacy-policy-2","status":"publish","type":"page","link":"https:\/\/cibiware.com\/?page_id=3","title":{"rendered":"Pol\u00edtica de Privacidad"},"content":{"rendered":"\t\t<div data-elementor-type=\"wp-page\" data-elementor-id=\"3\" class=\"elementor elementor-3\">\n\t\t\t\t<div class=\"elementor-element elementor-element-3dc97ec5 e-flex e-con-boxed e-con e-parent\" data-id=\"3dc97ec5\" data-element_type=\"container\" data-e-type=\"container\">\n\t\t\t\t\t<div class=\"e-con-inner\">\n\t\t\t\t<div class=\"elementor-element elementor-element-78cadeea elementor-widget elementor-widget-text-editor\" data-id=\"78cadeea\" data-element_type=\"widget\" data-e-type=\"widget\" data-widget_type=\"text-editor.default\">\n\t\t\t\t<div class=\"elementor-widget-container\">\n\t\t\t\t\t\t\t\t\t\n<h2 class=\"wp-block-heading\">Objeto<\/h2>\n\n<p>Al utilizar el presente Sitio Web, y\/o al comunicarse electr\u00f3nicamente con Cibiware, se podr\u00e1n recoger y tratar datos personales de cada Usuario, el tratamiento de los cuales se rige por la presente pol\u00edtica de privacidad (\u201cPol\u00edtica de Privacidad\u201d).<\/p>\n\n<h2 class=\"wp-block-heading\">Responsable del tratamiento<\/h2>\n\n<p>El responsable del tratamiento de los datos personales que el Usuario facilite a trav\u00e9s del Sitio Web es Cibiware. El Usuario puede contactar con el delegado de protecci\u00f3n de datos de Cibiware en la siguiente direcci\u00f3n de email: legal@cibiware.com<\/p>\n\n<p>\u00a0<\/p>\n\n<h2 class=\"wp-block-heading\">Datos recogidos<\/h2>\n\n<p>El tipo de datos personales que recogemos y tratamos de los Usuarios en el Sitio Web: Los datos recogidos ser\u00e1n los datos identificativos necesarios para gestionar su participaci\u00f3n, como su nombre, apellidos, correo electr\u00f3nico, empresa, cargo y datos de contacto profesional.<\/p>\n\n<p>\u00a0<\/p>\n\n<h2 class=\"wp-block-heading\">Pol\u00edtica de Cookies<\/h2>\n\n<p><strong class=\"privacy-policy-tutorial\">\u00bfQu\u00e9 son las cookies? <\/strong>Una cookie es un fichero de pequen\u0303o taman\u0303o que los sitios web envi\u0301an al navegador y se descargan en su ordenador. Las cookies permiten que la pa\u0301gina web almacene y recupere la informacio\u0301n sobre su visita, como su idioma preferido y otras opciones, con el fin de mejorar los servicios que se ofrecen y contribuir a tener una mejor experiencia de navegacio\u0301n para el usuario.<\/p>\n\n<p>En cumplimiento con el deber de informacio\u0301n recogido en el apartado 2o del arti\u0301culo 22 de la Ley 34\/2002, de 11 de Julio, de Servicios de la Sociedad de la Informacio\u0301n y del Comercio Electro\u0301nico, la presente poli\u0301tica de cookies tiene por finalidad informarle de manera clara y precisa sobre las cookies que se utilizan en la pa\u0301gina web.<\/p>\n\n<p>\u00a0<\/p>\n\n<p>\u00a0<\/p>\n<p><\/p>\n<p><strong class=\"privacy-policy-tutorial\">Autorizacio\u0301n para el uso de cookies<\/strong>. De conformidad con el aviso de cookies que aparece en el sitio web, el usuario puede consentir expresamente el uso de cookies que requieran consentimiento; sin embargo, el uso de cookies te\u0301cnicas o necesarias no requiere de consentimiento. Sin perjuicio de todo ello, el usuario puede modificar la configuracio\u0301n de su navegador para rechazar el uso de las cookies.<\/p>\n<p><\/p>\n<p>Usted puede restringir, bloquear o borrar las cookies de www.cibiware.com o cualquier otra pa\u0301gina web utilizando su navegador. En cada navegador la operativa es diferente. Es posible que al deshabilitar las cookies la pa\u0301gina web no funcione correctamente o no pueda acceder a determinadas funciones de la misma.<\/p>\n<p><\/p>\n<p>\u00a0<\/p>\n<p><\/p>\n<h2 class=\"wp-block-heading\">Finalidades del tratamiento<\/h2>\n<p><\/p>\n<p>Los datos personales de los Usuarios se recoger\u00e1n y tratar\u00e1n con la finalidad de gestionar la relaci\u00f3n con Cibiware, para gestionar el uso de la web y, cuando as\u00ed lo permita la normativa aplicable, para el env\u00edo recurrente de informaci\u00f3n tecnol\u00f3gica o de eventos de divulgaci\u00f3n y ense\u00f1anza en el \u00e1mbito de las actividades profesionales promovidas por Cibiware. Asimismo, sus datos personales se recoger\u00e1n y tratar\u00e1n para responder a las consultas o cuestiones que pueda remitir a trav\u00e9s del Sitio Web.<\/p>\n<p><\/p>\n<p>\u00a0<\/p>\n<p><\/p>\n<h2 class=\"wp-block-heading\">Legitimaci\u00f3n y conservaci\u00f3n<\/h2>\n<p><\/p>\n<p>Por tanto, Cibiware recoger\u00e1 y tratar\u00e1 sus datos mientras la relaci\u00f3n siga vigente y, en su caso, el Usuario no revoque el consentimiento que ha prestado al tratamiento de sus datos. En todo caso, cuando los datos personales dejen de ser necesarios para el fin para el que fueron recabados, y mientras existan responsabilidades legales o contractuales que requieran conservarlos, se conservar\u00e1n de forma bloqueada hasta que se proceda a la cancelaci\u00f3n definitiva de los mismos. En el caso de que se traten datos para el env\u00edo de comunicaciones, se podr\u00e1n mantener mientras el Usuario no se oponga a recibir dichas comunicaciones por cualquiera de los medios que se ponen a su disposici\u00f3n.<\/p>\n<p><\/p>\n<p>\u00a0<\/p>\n<p><\/p>\n<h2 class=\"wp-block-heading\">Comunicaci\u00f3n<\/h2>\n<p><\/p>\n<p>Cibiware no comunicar\u00e1 dichos datos a terceros, salvo cuando sea estrictamente necesario para gestionar y mantener la relaci\u00f3n con Cibiware o previa autorizaci\u00f3n por su parte. En particular, s\u00f3lo tendr\u00e1n acceso a los datos personales aquellos terceros con los que Cibiware est\u00e9 contractual o legalmente obligado a facilitarlos.<\/p>\n<p><\/p>\n<p>\u00a0<\/p>\n<p><\/p>\n<h2 class=\"wp-block-heading\">Derechos<\/h2>\n<p><\/p>\n<p>Le informamos de que los Usuarios tienen derecho a ejercitar en todo momento, en los t\u00e9rminos establecidos por la legislaci\u00f3n vigente, sus derechos de acceso, rectificaci\u00f3n o supresi\u00f3n de datos, solicitar que se limite el tratamiento, oponerse al mismo, solicitar la portabilidad de sus datos, as\u00ed como revocar el consentimiento prestado, dirigi\u00e9ndose a la direcci\u00f3n de correo electr\u00f3nico legal@cibiware.com, indicando claramente el derecho que desea ejercitar y acompa\u00f1ando su Documento Nacional de Identidad o documento identificativo similar que acredite su identidad. En el caso de que los Usuarios nos proporcionen datos de car\u00e1cter personal de terceras personas, el Usuario nos garantiza que les ha informado con car\u00e1cter previo a su inclusi\u00f3n, de los extremos contenidos en la presente Pol\u00edtica de Privacidad, respondiendo personalmente frente a Cibiware de cuantos da\u00f1os y perjuicios puedan derivarse en caso de contravenci\u00f3n. El Usuario se compromete a notificar cualquier cambio o modificaci\u00f3n de los datos personales que haya facilitado. Cualquier p\u00e9rdida o da\u00f1o causado al Sitio Web, a Cibiware, o a cualquier tercero mediante la comunicaci\u00f3n de informaci\u00f3n err\u00f3nea, inexacta o incompleta ser\u00e1 responsabilidad \u00fanica y exclusiva del Usuario.<\/p>\n<p><\/p>\n<h2 class=\"wp-block-heading\">\u00a0<\/h2>\n<p><\/p>\n<p>\u00a0<\/p>\n<p><\/p>\t\t\t\t\t\t\t\t<\/div>\n\t\t\t\t<\/div>\n\t\t\t\t\t<\/div>\n\t\t\t\t<\/div>\n\t\t\t\t<\/div>\n\t\t","protected":false},"excerpt":{"rendered":"<p>Objeto Al utilizar el presente Sitio Web, y\/o al comunicarse electr\u00f3nicamente con Cibiware, se podr\u00e1n recoger y tratar datos personales de cada Usuario, el tratamiento de los cuales se rige por la presente pol\u00edtica de privacidad (\u201cPol\u00edtica de Privacidad\u201d). Responsable del tratamiento El responsable del tratamiento de los datos personales que el Usuario facilite a [&hellip;]<\/p>\n","protected":false},"author":1,"featured_media":0,"parent":0,"menu_order":0,"comment_status":"closed","ping_status":"closed","template":"","meta":{"footnotes":""},"class_list":["post-3","page","type-page","status-publish","hentry"],"acf":[],"_links":{"self":[{"href":"https:\/\/cibiware.com\/index.php?rest_route=\/wp\/v2\/pages\/3","targetHints":{"allow":["GET"]}}],"collection":[{"href":"https:\/\/cibiware.com\/index.php?rest_route=\/wp\/v2\/pages"}],"about":[{"href":"https:\/\/cibiware.com\/index.php?rest_route=\/wp\/v2\/types\/page"}],"author":[{"embeddable":true,"href":"https:\/\/cibiware.com\/index.php?rest_route=\/wp\/v2\/users\/1"}],"replies":[{"embeddable":true,"href":"https:\/\/cibiware.com\/index.php?rest_route=%2Fwp%2Fv2%2Fcomments&post=3"}],"version-history":[{"count":45,"href":"https:\/\/cibiware.com\/index.php?rest_route=\/wp\/v2\/pages\/3\/revisions"}],"predecessor-version":[{"id":14236,"href":"https:\/\/cibiware.com\/index.php?rest_route=\/wp\/v2\/pages\/3\/revisions\/14236"}],"wp:attachment":[{"href":"https:\/\/cibiware.com\/index.php?rest_route=%2Fwp%2Fv2%2Fmedia&parent=3"}],"curies":[{"name":"wp","href":"https:\/\/api.w.org\/{rel}","templated":true}]}}